{"id":3006,"date":"2020-03-26T20:22:30","date_gmt":"2020-03-26T18:22:30","guid":{"rendered":"http:\/\/www.baker-pommeroy.de\/?page_id=3006"},"modified":"2020-03-26T20:22:32","modified_gmt":"2020-03-26T18:22:32","slug":"impronta","status":"publish","type":"page","link":"https:\/\/staging.baker-pommeroy.de\/it\/impronta\/","title":{"rendered":"Impronta"},"content":{"rendered":"\n<p><strong>Baker  &amp; Pommeroy GmbH<\/strong><br>Hohenzollernring 1-3<br>D-50672 K\u00f6ln<\/p>\n\n\n\n<p><strong>Telefono:<\/strong>  +49 (0) 221 \/ 258 999 60<br><strong>Fax:<\/strong>  +49 (0) 221 \/ 258 999 61<br><strong>eMail:<\/strong>  <a href=\"mailto:info@baker-pommeroy.de\">info@baker-pommeroy.de<\/a><br><strong>Homepage:<\/strong> <a href=\"https:\/\/staging.baker-pommeroy.de\">www.baker-pommeroy.de<\/a><\/p>\n\n\n\n<p>Amministratori delegati autorizzati a rappresentare: Nina-Jasmin Lungerich<br>Registro del tribunale:  Amtsgericht K\u00f6ln<br>Numero di registro:  HRB NR K\u00d6LN 56906<br>Autorit\u00e0 di controllo:  Gewerbeamt K\u00f6ln<br>Partita IVA n.:  DE814605569<br><\/p>\n\n\n\n<p><strong>Avviso di responsabilit\u00e0:<\/strong> nonostante l&#8217;attento controllo del contenuto, non accettiamo alcuna responsabilit\u00e0 per il contenuto di collegamenti esterni. Gli operatori delle pagine collegate sono gli unici responsabili del loro contenuto. <\/p>\n\n\n\n<p><strong>Dichiarazione di non responsabilit\u00e0 (informazioni generali sul sito Web)<\/strong><\/p>\n\n\n\n<p><strong>1. Contenuto dell&#8217;offerta online<\/strong><br>L&#8217;autore non si assume alcuna responsabilit\u00e0 per l&#8217;attualit\u00e0, la correttezza, la completezza o la qualit\u00e0 delle informazioni fornite. Le rivendicazioni di responsabilit\u00e0 nei confronti dell&#8217;autore, che si riferiscono a danni materiali o immateriali causati dall&#8217;uso o dal non utilizzo delle informazioni fornite o dall&#8217;uso di informazioni errate e incomplete, sono fondamentalmente escluse, a meno che non si possa dimostrare all&#8217;autore di aver agito con dolo o grave negligenza \u00e8 presente<br>Tutte le offerte sono soggette a modifiche e non vincolanti. L&#8217;autore si riserva espressamente il diritto di modificare, integrare o eliminare parti delle pagine o l&#8217;intera offerta o di interrompere temporaneamente o permanentemente la pubblicazione senza preavviso.<\/p>\n\n\n\n<p><strong>2. Riferimenti e collegamenti<\/strong><br>Nel caso di riferimenti diretti o indiretti a siti Web esterni (&#8220;collegamenti&#8221;) che esulano dall&#8217;area di responsabilit\u00e0 dell&#8217;autore, un obbligo di responsabilit\u00e0 entrerebbe in vigore solo se l&#8217;autore fosse a conoscenza del contenuto ed era tecnicamente possibile e ragionevole per lui per impedire l&#8217;uso in caso di contenuti illegali.<br>L&#8217;autore dichiara pertanto espressamente che al momento della creazione dei collegamenti, le pagine collegate corrispondenti erano prive di contenuti illegali. L&#8217;autore non ha alcuna influenza sul design attuale e futuro e sul contenuto delle pagine collegate. Pertanto, prende espressamente le distanze da tutto il contenuto di tutte le pagine collegate \/ collegate che sono state modificate dopo la creazione del collegamento. Questa dichiarazione si applica a tutti i collegamenti e riferimenti all&#8217;interno della propria offerta Internet, nonch\u00e9 a voci esterne in libri degli ospiti, forum di discussione e mailing list create dall&#8217;autore. Per contenuti illegali, errati o incompleti e in particolare per danni derivanti dall&#8217;uso o dal non utilizzo delle informazioni fornite in questo modo, il fornitore della pagina a cui viene fatto riferimento \u00e8 l&#8217;unico responsabile, non colui che si limita a fare riferimento alla rispettiva pubblicazione tramite collegamenti.<\/p>\n\n\n\n<p><strong>3.  Urheber- und Kennzeichenrecht<\/strong><br>L&#8217;autore si impegna ad osservare i diritti d&#8217;autore della grafica, dei documenti sonori, delle sequenze video e dei testi utilizzati in tutte le pubblicazioni, per utilizzare la grafica, i documenti sonori, le sequenze video e i testi creati da lui stesso o per utilizzare la grafica, i documenti sonori, le sequenze video e i testi esenti da licenza.<br>Tutti i marchi e marchi citati sul sito Web e possibilmente protetti da terze parti sono soggetti senza restrizioni alle disposizioni della legge sui marchi applicabile e ai diritti di propriet\u00e0 del rispettivo proprietario registrato. La semplice menzione non significa che i marchi non siano protetti dai diritti di terzi!<br>Il copyright per gli oggetti pubblicati creati dall&#8217;autore rimane esclusivamente dell&#8217;autore delle pagine. La duplicazione o l&#8217;uso di tali grafici, documenti sonori, sequenze video e testi in altre pubblicazioni elettroniche o stampate non \u00e8 consentita senza il consenso esplicito dell&#8217;autore. <\/p>\n\n\n\n<p><strong>4. Protezione dei dati<\/strong><br>Se esiste la possibilit\u00e0 di inserire dati personali o aziendali (indirizzi e-mail, nomi, indirizzi) sul sito Web, la divulgazione di tali dati da parte dell&#8217;utente \u00e8 espressamente volontaria. L&#8217;uso e il pagamento di tutti i servizi offerti \u00e8 consentito &#8211; per quanto tecnicamente possibile e ragionevole &#8211; senza fornire tali dati o inserendo dati anonimi o uno pseudonimo.<\/p>\n\n\n\n<p><strong>5. Validit\u00e0 legale di questo disclaimer<\/strong><br>Questo disclaimer deve essere considerato come parte della pubblicazione su Internet da cui vi siete riferiti. Se parti o singole formulazioni di questo testo non dovessero, non corrispondere pi\u00f9 o non corrispondere completamente alla situazione legale applicabile, le restanti parti del documento rimangono inalterate nel loro contenuto e validit\u00e0.<\/p>\n","protected":false},"excerpt":{"rendered":"<p>Baker &amp; Pommeroy GmbHHohenzollernring 1-3D-50672 K\u00f6ln Telefono: +49 (0) 221 \/ 258 999 60Fax: +49 (0) 221 \/ 258 999 61eMail: info@baker-pommeroy.deHomepage: www.baker-pommeroy.de Amministratori delegati autorizzati a rappresentare: Nina-Jasmin LungerichRegistro del tribunale: Amtsgericht K\u00f6lnNumero di registro: HRB NR K\u00d6LN 56906Autorit\u00e0 di controllo: Gewerbeamt K\u00f6lnPartita IVA n.: DE814605569 Avviso di responsabilit\u00e0: nonostante l&#8217;attento controllo del contenuto,&hellip;&nbsp;<a href=\"https:\/\/staging.baker-pommeroy.de\/it\/impronta\/\" class=\"\" rel=\"bookmark\">Leggi tutto &raquo;<span class=\"screen-reader-text\">Impronta<\/span><\/a><\/p>\n","protected":false},"author":1,"featured_media":0,"parent":0,"menu_order":5,"comment_status":"closed","ping_status":"closed","template":"","meta":{"_uag_custom_page_level_css":"","footnotes":""},"class_list":["post-3006","page","type-page","status-publish","hentry"],"uagb_featured_image_src":{"full":false,"thumbnail":false,"medium":false,"medium_large":false,"large":false,"1536x1536":false,"2048x2048":false,"neve-blog":false,"sow-carousel-default":false},"uagb_author_info":{"display_name":"bpadmin","author_link":"https:\/\/staging.baker-pommeroy.de\/it\/author\/bpadmin\/"},"uagb_comment_info":0,"uagb_excerpt":"Baker &amp; Pommeroy GmbHHohenzollernring 1-3D-50672 K\u00f6ln Telefono: +49 (0) 221 \/ 258 999 60Fax: +49 (0) 221 \/ 258 999 61eMail: info@baker-pommeroy.deHomepage: www.baker-pommeroy.de Amministratori delegati autorizzati a rappresentare: Nina-Jasmin LungerichRegistro del tribunale: Amtsgericht K\u00f6lnNumero di registro: HRB NR K\u00d6LN 56906Autorit\u00e0 di controllo: Gewerbeamt K\u00f6lnPartita IVA n.: DE814605569 Avviso di responsabilit\u00e0: nonostante l&#8217;attento controllo del contenuto,&hellip;&nbsp;Leggi&hellip;","_links":{"self":[{"href":"https:\/\/staging.baker-pommeroy.de\/it\/wp-json\/wp\/v2\/pages\/3006","targetHints":{"allow":["GET"]}}],"collection":[{"href":"https:\/\/staging.baker-pommeroy.de\/it\/wp-json\/wp\/v2\/pages"}],"about":[{"href":"https:\/\/staging.baker-pommeroy.de\/it\/wp-json\/wp\/v2\/types\/page"}],"author":[{"embeddable":true,"href":"https:\/\/staging.baker-pommeroy.de\/it\/wp-json\/wp\/v2\/users\/1"}],"replies":[{"embeddable":true,"href":"https:\/\/staging.baker-pommeroy.de\/it\/wp-json\/wp\/v2\/comments?post=3006"}],"version-history":[{"count":1,"href":"https:\/\/staging.baker-pommeroy.de\/it\/wp-json\/wp\/v2\/pages\/3006\/revisions"}],"predecessor-version":[{"id":3007,"href":"https:\/\/staging.baker-pommeroy.de\/it\/wp-json\/wp\/v2\/pages\/3006\/revisions\/3007"}],"wp:attachment":[{"href":"https:\/\/staging.baker-pommeroy.de\/it\/wp-json\/wp\/v2\/media?parent=3006"}],"curies":[{"name":"wp","href":"https:\/\/api.w.org\/{rel}","templated":true}]}}