{"id":2984,"date":"2020-03-26T19:23:52","date_gmt":"2020-03-26T17:23:52","guid":{"rendered":"http:\/\/www.baker-pommeroy.de\/?page_id=2984"},"modified":"2020-03-26T20:04:33","modified_gmt":"2020-03-26T18:04:33","slug":"empreinte","status":"publish","type":"page","link":"https:\/\/staging.baker-pommeroy.de\/fr\/empreinte\/","title":{"rendered":"Empreinte"},"content":{"rendered":"\n<p><strong>Baker  &amp; Pommeroy GmbH<\/strong><br>Hohenzollernring 1-3<br>D-50672 K\u00f6ln<\/p>\n\n\n\n<p><strong>T\u00e9l\u00e9phone:<\/strong>  +49 (0) 221 \/ 258 999 60<br><strong>Fax:<\/strong>  +49 (0) 221 \/ 258 999 61<br><strong>eMail:<\/strong>  <a href=\"mailto:info@baker-pommeroy.de\">info@baker-pommeroy.de<\/a><br><strong>page d&rsquo;accueil:<\/strong> <a href=\"https:\/\/staging.baker-pommeroy.de\">www.baker-pommeroy.de<\/a><\/p>\n\n\n\n<p>Directeurs g\u00e9n\u00e9raux autoris\u00e9s \u00e0 repr\u00e9senter : <br>Nina-Jasmin Lungerich<br>Cour de registre:  Amtsgericht K\u00f6ln<br>Num\u00e9ro d&rsquo;enregistrement:  HRB NR K\u00d6LN 56906<br>Autorit\u00e9 de surveillance:  Gewerbeamt K\u00f6ln<br>TVA Id No:  DE814605569<br><\/p>\n\n\n\n<p><strong>Avis de responsabilit\u00e9:<\/strong> Malgr\u00e9 un contr\u00f4le minutieux du contenu, nous d\u00e9clinons toute responsabilit\u00e9 pour le contenu des liens externes. Les op\u00e9rateurs des pages li\u00e9es sont seuls responsables de leur contenu.<\/p>\n\n\n\n<p><strong>Clause de non-responsabilit\u00e9 (informations g\u00e9n\u00e9rales sur le site Web) <\/strong><\/p>\n\n\n\n<p><strong>1. Contenu de l&rsquo;offre en ligne <\/strong><br>L&rsquo;auteur n&rsquo;assume aucune responsabilit\u00e9 pour l&rsquo;actualit\u00e9, l&rsquo;exactitude, l&rsquo;exhaustivit\u00e9 ou la qualit\u00e9 des informations fournies. Les demandes de responsabilit\u00e9 contre l&rsquo;auteur, qui se r\u00e9f\u00e8rent \u00e0 des dommages mat\u00e9riels ou immat\u00e9riels caus\u00e9s par l&rsquo;utilisation ou la non-utilisation des informations fournies ou par l&rsquo;utilisation d&rsquo;informations incorrectes et incompl\u00e8tes, sont fondamentalement exclues, sauf s&rsquo;il peut \u00eatre prouv\u00e9 que l&rsquo;auteur a agi avec intention ou n\u00e9gligence grave est pr\u00e9sent.<br>Toutes les offres sont sujettes \u00e0 changement et sans engagement. L&rsquo;auteur se r\u00e9serve express\u00e9ment le droit de modifier, compl\u00e9ter ou supprimer des parties des pages ou l&rsquo;ensemble de l&rsquo;offre ou de cesser temporairement ou d\u00e9finitivement la publication sans pr\u00e9avis.<\/p>\n\n\n\n<p><strong>2. R\u00e9f\u00e9rences et liens<\/strong><br>Dans le cas de r\u00e9f\u00e9rences directes ou indirectes \u00e0 des sites Web externes (\u00ab\u00a0liens\u00a0\u00bb) qui ne rel\u00e8vent pas de la responsabilit\u00e9 de l&rsquo;auteur, une obligation de responsabilit\u00e9 n&rsquo;entrerait en vigueur que si l&rsquo;auteur \u00e9tait au courant du contenu et que cela \u00e9tait techniquement possible et raisonnable pour lui. pour emp\u00eacher l&rsquo;utilisation en cas de contenu ill\u00e9gal.<br>L&rsquo;auteur d\u00e9clare donc express\u00e9ment qu&rsquo;au moment de la cr\u00e9ation des liens, les pages li\u00e9es correspondantes \u00e9taient exemptes de contenu ill\u00e9gal. L&rsquo;auteur n&rsquo;a aucune influence sur la conception actuelle et future et sur le contenu des pages li\u00e9es. Par cons\u00e9quent, il se distancie express\u00e9ment de tout contenu sur toutes les pages li\u00e9es \/ connect\u00e9es qui ont \u00e9t\u00e9 modifi\u00e9es apr\u00e8s la cr\u00e9ation du lien. Cette d\u00e9claration s&rsquo;applique \u00e0 tous les liens et r\u00e9f\u00e9rences d\u00e9finis sur notre propre site Web ainsi qu&rsquo;aux entr\u00e9es externes dans les livres d&rsquo;or, les forums de discussion et les listes de diffusion \u00e9tablies par l&rsquo;auteur. Pour le contenu ill\u00e9gal, incorrect ou incomplet et en particulier pour les dommages r\u00e9sultant de l&rsquo;utilisation ou de la non-utilisation des informations ainsi fournies, le fournisseur de la page \u00e0 laquelle il est fait r\u00e9f\u00e9rence est seul responsable, et non celui qui se r\u00e9f\u00e8re simplement \u00e0 la publication respective via des liens.<\/p>\n\n\n\n<p><strong>3. Droit d&rsquo;auteur et droit des marques<\/strong><br>L&rsquo;auteur s&rsquo;efforce de respecter les droits d&rsquo;auteur des graphiques, documents sonores, s\u00e9quences vid\u00e9o et textes utilis\u00e9s dans toutes les publications, d&rsquo;utiliser des graphiques, des documents sonores, des s\u00e9quences vid\u00e9o et des textes cr\u00e9\u00e9s par lui-m\u00eame ou d&rsquo;utiliser des graphiques, des documents sonores, des s\u00e9quences vid\u00e9o et des textes sans licence. \u00a0Toutes les marques et marques mentionn\u00e9es sur le site Web et \u00e9ventuellement prot\u00e9g\u00e9es par des tiers sont soumises sans restriction aux dispositions de la loi sur les marques applicables et aux droits de propri\u00e9t\u00e9 du propri\u00e9taire enregistr\u00e9 respectif. La simple mention ne signifie pas que les marques ne sont pas prot\u00e9g\u00e9es par les droits de tiers! <br>Le droit d&rsquo;auteur sur les objets publi\u00e9s cr\u00e9\u00e9s par l&rsquo;auteur appartient uniquement \u00e0 l&rsquo;auteur des pages. La duplication ou l&rsquo;utilisation de ces graphiques, documents sonores, s\u00e9quences vid\u00e9o et textes dans d&rsquo;autres publications \u00e9lectroniques ou imprim\u00e9es n&rsquo;est pas autoris\u00e9e sans le consentement expr\u00e8s de l&rsquo;auteur.<\/p>\n\n\n\n<p><strong>4. Protection des donn\u00e9es<\/strong> <br>S&rsquo;il est possible de saisir des donn\u00e9es personnelles ou professionnelles (adresses e-mail, noms, adresses) sur le site Internet, la divulgation de ces donn\u00e9es par l&rsquo;utilisateur est express\u00e9ment volontaire. L&rsquo;utilisation et le paiement de tous les services propos\u00e9s sont autoris\u00e9s &#8211; dans la mesure o\u00f9 cela est techniquement possible et raisonnable &#8211; sans fournir ces donn\u00e9es ou en saisissant des donn\u00e9es anonymis\u00e9es ou un pseudonyme.<\/p>\n\n\n\n<p><strong>5. Validit\u00e9 juridique de cette clause de non-responsabilit\u00e9<\/strong><br>Cette clause de non-responsabilit\u00e9 doit \u00eatre consid\u00e9r\u00e9e comme faisant partie de la publication Internet \u00e0 laquelle vous avez \u00e9t\u00e9 renvoy\u00e9. Si des parties ou des formulations individuelles de ce texte ne correspondent pas, ne correspondent plus ou ne correspondent pas compl\u00e8tement \u00e0 la situation juridique applicable, les autres parties du document restent inchang\u00e9es dans leur contenu et leur validit\u00e9.<\/p>\n","protected":false},"excerpt":{"rendered":"<p>Baker &amp; Pommeroy GmbHHohenzollernring 1-3D-50672 K\u00f6ln T\u00e9l\u00e9phone: +49 (0) 221 \/ 258 999 60Fax: +49 (0) 221 \/ 258 999 61eMail: info@baker-pommeroy.depage d&rsquo;accueil: www.baker-pommeroy.de Directeurs g\u00e9n\u00e9raux autoris\u00e9s \u00e0 repr\u00e9senter : Nina-Jasmin LungerichCour de registre: Amtsgericht K\u00f6lnNum\u00e9ro d&rsquo;enregistrement: HRB NR K\u00d6LN 56906Autorit\u00e9 de surveillance: Gewerbeamt K\u00f6lnTVA Id No: DE814605569 Avis de responsabilit\u00e9: Malgr\u00e9 un contr\u00f4le minutieux&hellip;&nbsp;<a href=\"https:\/\/staging.baker-pommeroy.de\/fr\/empreinte\/\" class=\"\" rel=\"bookmark\">Lire la suite &raquo;<span class=\"screen-reader-text\">Empreinte<\/span><\/a><\/p>\n","protected":false},"author":1,"featured_media":0,"parent":0,"menu_order":5,"comment_status":"closed","ping_status":"closed","template":"","meta":{"_uag_custom_page_level_css":"","footnotes":""},"class_list":["post-2984","page","type-page","status-publish","hentry"],"uagb_featured_image_src":{"full":false,"thumbnail":false,"medium":false,"medium_large":false,"large":false,"1536x1536":false,"2048x2048":false,"neve-blog":false,"sow-carousel-default":false},"uagb_author_info":{"display_name":"bpadmin","author_link":"https:\/\/staging.baker-pommeroy.de\/fr\/author\/bpadmin\/"},"uagb_comment_info":0,"uagb_excerpt":"Baker &amp; Pommeroy GmbHHohenzollernring 1-3D-50672 K\u00f6ln T\u00e9l\u00e9phone: +49 (0) 221 \/ 258 999 60Fax: +49 (0) 221 \/ 258 999 61eMail: info@baker-pommeroy.depage d&rsquo;accueil: www.baker-pommeroy.de Directeurs g\u00e9n\u00e9raux autoris\u00e9s \u00e0 repr\u00e9senter : Nina-Jasmin LungerichCour de registre: Amtsgericht K\u00f6lnNum\u00e9ro d&rsquo;enregistrement: HRB NR K\u00d6LN 56906Autorit\u00e9 de surveillance: Gewerbeamt K\u00f6lnTVA Id No: DE814605569 Avis de responsabilit\u00e9: Malgr\u00e9 un contr\u00f4le minutieux&hellip;&nbsp;Lire\u2026","_links":{"self":[{"href":"https:\/\/staging.baker-pommeroy.de\/fr\/wp-json\/wp\/v2\/pages\/2984","targetHints":{"allow":["GET"]}}],"collection":[{"href":"https:\/\/staging.baker-pommeroy.de\/fr\/wp-json\/wp\/v2\/pages"}],"about":[{"href":"https:\/\/staging.baker-pommeroy.de\/fr\/wp-json\/wp\/v2\/types\/page"}],"author":[{"embeddable":true,"href":"https:\/\/staging.baker-pommeroy.de\/fr\/wp-json\/wp\/v2\/users\/1"}],"replies":[{"embeddable":true,"href":"https:\/\/staging.baker-pommeroy.de\/fr\/wp-json\/wp\/v2\/comments?post=2984"}],"version-history":[{"count":2,"href":"https:\/\/staging.baker-pommeroy.de\/fr\/wp-json\/wp\/v2\/pages\/2984\/revisions"}],"predecessor-version":[{"id":3000,"href":"https:\/\/staging.baker-pommeroy.de\/fr\/wp-json\/wp\/v2\/pages\/2984\/revisions\/3000"}],"wp:attachment":[{"href":"https:\/\/staging.baker-pommeroy.de\/fr\/wp-json\/wp\/v2\/media?parent=2984"}],"curies":[{"name":"wp","href":"https:\/\/api.w.org\/{rel}","templated":true}]}}